{"id":3414,"date":"2021-12-20T18:06:49","date_gmt":"2021-12-20T18:06:49","guid":{"rendered":"https:\/\/adoszakerto.eu\/?page_id=3414"},"modified":"2022-02-02T16:19:34","modified_gmt":"2022-02-02T16:19:34","slug":"services","status":"publish","type":"page","link":"https:\/\/adoszakerto.eu\/en\/services\/","title":{"rendered":"Services"},"content":{"rendered":"\n\n[et_pb_section fb_built=&#8221;1&#8243; module_class=&#8221;szolgaltatasok&#8221; _builder_version=&#8221;4.9.4&#8243; _module_preset=&#8221;default&#8221; custom_padding=&#8221;44px|||||&#8221;][et_pb_row column_structure=&#8221;1_2,1_2&#8243; _builder_version=&#8221;4.9.4&#8243; _module_preset=&#8221;default&#8221; custom_padding=&#8221;||0px|||&#8221;][et_pb_column type=&#8221;1_2&#8243; _builder_version=&#8221;4.9.4&#8243; _module_preset=&#8221;default&#8221;][et_pb_text _builder_version=&#8221;4.9.4&#8243; _module_preset=&#8221;default&#8221; custom_margin=&#8221;||-2px|||&#8221;]<p><i class=\"fa fa-book\"><\/i><\/p>[\/et_pb_text][et_pb_text _builder_version=&#8221;4.9.4&#8243; _module_preset=&#8221;default&#8221; text_font=&#8221;||||||||&#8221; hover_enabled=&#8221;0&#8243; sticky_enabled=&#8221;0&#8243;]<h3>startup consultation<\/h3>\n<p><span style=\"font-weight: 400;\">I advise you to have a tax planning consultation before an enterprise is founded, or the value creation activity is started. In this consultation, we evaluate or create your business plan, with focus on taxation alternatives, and let you have a conscious decision about the form of the enterprise, and the tax-related statements you may make before the enterprise is started. As a result, you will start your enterprise with optimal decisions in place in the current legal and entrepreneurial environment.\u00a0<\/span><span style=\"font-weight: 400;\"><\/span><\/p>[\/et_pb_text][\/et_pb_column][et_pb_column type=&#8221;1_2&#8243; _builder_version=&#8221;4.9.4&#8243; _module_preset=&#8221;default&#8221;][et_pb_text _builder_version=&#8221;4.9.4&#8243; _module_preset=&#8221;default&#8221; custom_margin=&#8221;||0px|||&#8221;]<i class=\"fa fa-cogs\"><\/i>[\/et_pb_text][et_pb_text _builder_version=&#8221;4.9.4&#8243; _module_preset=&#8221;default&#8221; text_font=&#8221;||||||||&#8221; hover_enabled=&#8221;0&#8243; sticky_enabled=&#8221;0&#8243;]<h3>tax evaluation of transactions<\/h3>\n<p>Tax evaluation of transactions in the life of an enterprise can result in significant differences in taxation. Tax evaluation should &#8211; in an optimal world &#8211; precede the transaction, but many times the transaction shall be qualified subsequently, to create an optimal taxation environment.\u00a0<\/p>\n<p>I help you either in preliminary or in subsequent evaluation of taxable transactions, to define an optimal taxation enviroment.\u00a0<\/p>[\/et_pb_text][\/et_pb_column][\/et_pb_row][et_pb_row column_structure=&#8221;1_2,1_2&#8243; _builder_version=&#8221;4.9.4&#8243; _module_preset=&#8221;default&#8221;][et_pb_column type=&#8221;1_2&#8243; _builder_version=&#8221;4.9.4&#8243; _module_preset=&#8221;default&#8221;][et_pb_text _builder_version=&#8221;4.9.4&#8243; _module_preset=&#8221;default&#8221; custom_margin=&#8221;||0px|||&#8221;]<i class=\"fa fa-file-text\" aria-hidden=\"true\"><\/i>[\/et_pb_text][et_pb_text _builder_version=&#8221;4.9.4&#8243; _module_preset=&#8221;default&#8221; text_font=&#8221;||||||||&#8221; hover_enabled=&#8221;0&#8243; sticky_enabled=&#8221;0&#8243;]<h3>personal income tax returns<\/h3>\n<p>Personal income tax returns shall be filed by the 20th of May each year, from the return plan the tax authority prepares for most. This authority return plan may not be conclusive in your case. I provide professional advice if you:<\/p>\n<p style=\"padding-left: 40px;\">&#8211; have not made the midyear available deductions fully, or shared with family,<\/p>\n<p style=\"padding-left: 40px;\">&#8211; have sold or purchased significant assets or real estate<\/p>\n<p style=\"padding-left: 40px;\">&#8211; have acquired overseas income.<\/p>\n<p>Tax consultancy is also advised if you are a VAT-subject private person, a primary producer (farming) or an individual entrepreneur.\u00a0<\/p>[\/et_pb_text][\/et_pb_column][et_pb_column type=&#8221;1_2&#8243; _builder_version=&#8221;4.9.4&#8243; _module_preset=&#8221;default&#8221;][et_pb_text _builder_version=&#8221;4.9.4&#8243; _module_preset=&#8221;default&#8221; custom_margin=&#8221;||-1px|||&#8221;]<i class=\"fa fa-balance-scale\"><\/i>[\/et_pb_text][et_pb_text _builder_version=&#8221;4.9.4&#8243; _module_preset=&#8221;default&#8221; text_font=&#8221;||||||||&#8221; hover_enabled=&#8221;0&#8243; sticky_enabled=&#8221;0&#8243;]<h3>professional opinion for the court of law<\/h3>\n<p>My professional opinion documentation is supporting the work of a legal attorney in a court procedure, including references to EU cases, the legal environment and an objective, precise argument. My clients can use the professional tax opinion documentation in the court of law, since my registration in 2016.\u00a0<\/p>\n<p>&nbsp;<\/p>[\/et_pb_text][\/et_pb_column][\/et_pb_row][\/et_pb_section]\n\n","protected":false},"excerpt":{"rendered":"<p>startup consultation I advise you to have a tax planning consultation before an enterprise is founded, or the value creation activity is started. In this consultation, we evaluate or create your business plan, with focus on taxation alternatives, and let you have a conscious decision about the form of the enterprise, and the tax-related statements you may make before the enterprise is started. As a result, you will start your enterprise with optimal decisions in place in the current legal and entrepreneurial environment.\u00a0tax evaluation of transactions Tax evaluation of transactions in the life of an enterprise can result in significant differences in taxation. Tax evaluation should &#8211; in an optimal world &#8211; precede the transaction, but many times the transaction shall be qualified subsequently, to create an optimal taxation environment.\u00a0 I help you either in preliminary or in subsequent evaluation of taxable transactions, to define an optimal taxation enviroment.\u00a0personal income tax returns Personal income tax returns shall be filed by the 20th of May each year, from the return plan the tax authority prepares for most. This authority return plan may not be conclusive in your case. I provide professional advice if you: &#8211; have not made the midyear available [&hellip;]<\/p>\n","protected":false},"author":1,"featured_media":0,"parent":0,"menu_order":0,"comment_status":"closed","ping_status":"closed","template":"","meta":{"_et_pb_use_builder":"on","_et_pb_old_content":"","_et_gb_content_width":"","inline_featured_image":false,"cybocfi_hide_featured_image":"","footnotes":""},"class_list":["post-3414","page","type-page","status-publish","hentry"],"yoast_head":"<!-- This site is optimized with the Yoast SEO Premium plugin v27.5 (Yoast SEO v27.5) - https:\/\/yoast.com\/product\/yoast-seo-premium-wordpress\/ -->\n<title>Services - Ad\u00f3szak\u00e9rt\u0151.eu<\/title>\n<meta name=\"description\" content=\"Services\" \/>\n<meta name=\"robots\" content=\"index, follow, max-snippet:-1, max-image-preview:large, max-video-preview:-1\" \/>\n<link rel=\"canonical\" href=\"https:\/\/adoszakerto.eu\/en\/services\/\" \/>\n<meta property=\"og:locale\" content=\"en_US\" \/>\n<meta property=\"og:type\" content=\"article\" \/>\n<meta property=\"og:title\" content=\"Services\" \/>\n<meta property=\"og:description\" content=\"Services\" \/>\n<meta property=\"og:url\" content=\"https:\/\/adoszakerto.eu\/en\/services\/\" \/>\n<meta property=\"og:site_name\" content=\"Ad\u00f3szak\u00e9rt\u0151.eu\" \/>\n<meta property=\"article:publisher\" content=\"https:\/\/www.facebook.com\/EvAdotanacsadoja2016\" \/>\n<meta property=\"article:modified_time\" content=\"2022-02-02T16:19:34+00:00\" \/>\n<meta property=\"og:image\" content=\"https:\/\/adoszakerto.eu\/wp-content\/uploads\/2021\/08\/Andi_2-e1631555469803.jpg\" \/>\n\t<meta property=\"og:image:width\" content=\"400\" \/>\n\t<meta property=\"og:image:height\" content=\"400\" \/>\n\t<meta property=\"og:image:type\" content=\"image\/jpeg\" \/>\n<meta name=\"twitter:card\" content=\"summary_large_image\" \/>\n<meta name=\"twitter:label1\" content=\"Est. reading time\" \/>\n\t<meta name=\"twitter:data1\" content=\"2 minutes\" \/>\n<script type=\"application\/ld+json\" class=\"yoast-schema-graph\">{\"@context\":\"https:\\\/\\\/schema.org\",\"@graph\":[{\"@type\":\"WebPage\",\"@id\":\"https:\\\/\\\/adoszakerto.eu\\\/en\\\/services\\\/\",\"url\":\"https:\\\/\\\/adoszakerto.eu\\\/en\\\/services\\\/\",\"name\":\"Services - Ad\u00f3szak\u00e9rt\u0151.eu\",\"isPartOf\":{\"@id\":\"https:\\\/\\\/adoszakerto.eu\\\/#website\"},\"datePublished\":\"2021-12-20T18:06:49+00:00\",\"dateModified\":\"2022-02-02T16:19:34+00:00\",\"description\":\"Services\",\"breadcrumb\":{\"@id\":\"https:\\\/\\\/adoszakerto.eu\\\/en\\\/services\\\/#breadcrumb\"},\"inLanguage\":\"en-US\",\"potentialAction\":[{\"@type\":\"ReadAction\",\"target\":[\"https:\\\/\\\/adoszakerto.eu\\\/en\\\/services\\\/\"]}]},{\"@type\":\"BreadcrumbList\",\"@id\":\"https:\\\/\\\/adoszakerto.eu\\\/en\\\/services\\\/#breadcrumb\",\"itemListElement\":[{\"@type\":\"ListItem\",\"position\":1,\"name\":\"Home\",\"item\":\"https:\\\/\\\/adoszakerto.eu\\\/en\\\/\"},{\"@type\":\"ListItem\",\"position\":2,\"name\":\"Services\"}]},{\"@type\":\"WebSite\",\"@id\":\"https:\\\/\\\/adoszakerto.eu\\\/#website\",\"url\":\"https:\\\/\\\/adoszakerto.eu\\\/\",\"name\":\"adoszakerto.eu\",\"description\":\"B\u00e9kein\u00e9 Kiss Andrea - okleveles ad\u00f3szak\u00e9rt\u0151\",\"publisher\":{\"@id\":\"https:\\\/\\\/adoszakerto.eu\\\/#organization\"},\"potentialAction\":[{\"@type\":\"SearchAction\",\"target\":{\"@type\":\"EntryPoint\",\"urlTemplate\":\"https:\\\/\\\/adoszakerto.eu\\\/?s={search_term_string}\"},\"query-input\":{\"@type\":\"PropertyValueSpecification\",\"valueRequired\":true,\"valueName\":\"search_term_string\"}}],\"inLanguage\":\"en-US\"},{\"@type\":\"Organization\",\"@id\":\"https:\\\/\\\/adoszakerto.eu\\\/#organization\",\"name\":\"Adoszakerto.eu\",\"url\":\"https:\\\/\\\/adoszakerto.eu\\\/\",\"logo\":{\"@type\":\"ImageObject\",\"inLanguage\":\"en-US\",\"@id\":\"https:\\\/\\\/adoszakerto.eu\\\/#\\\/schema\\\/logo\\\/image\\\/\",\"url\":\"https:\\\/\\\/adoszakerto.eu\\\/wp-content\\\/uploads\\\/2021\\\/08\\\/bka_logo_szines_png.png\",\"contentUrl\":\"https:\\\/\\\/adoszakerto.eu\\\/wp-content\\\/uploads\\\/2021\\\/08\\\/bka_logo_szines_png.png\",\"width\":500,\"height\":89,\"caption\":\"Adoszakerto.eu\"},\"image\":{\"@id\":\"https:\\\/\\\/adoszakerto.eu\\\/#\\\/schema\\\/logo\\\/image\\\/\"},\"sameAs\":[\"https:\\\/\\\/www.facebook.com\\\/EvAdotanacsadoja2016\",\"https:\\\/\\\/www.linkedin.com\\\/in\\\/adoszakerto\\\/\"]}]}<\/script>\n<!-- \/ Yoast SEO Premium plugin. -->","yoast_head_json":{"title":"Services - Ad\u00f3szak\u00e9rt\u0151.eu","description":"Services","robots":{"index":"index","follow":"follow","max-snippet":"max-snippet:-1","max-image-preview":"max-image-preview:large","max-video-preview":"max-video-preview:-1"},"canonical":"https:\/\/adoszakerto.eu\/en\/services\/","og_locale":"en_US","og_type":"article","og_title":"Services","og_description":"Services","og_url":"https:\/\/adoszakerto.eu\/en\/services\/","og_site_name":"Ad\u00f3szak\u00e9rt\u0151.eu","article_publisher":"https:\/\/www.facebook.com\/EvAdotanacsadoja2016","article_modified_time":"2022-02-02T16:19:34+00:00","og_image":[{"width":400,"height":400,"url":"https:\/\/adoszakerto.eu\/wp-content\/uploads\/2021\/08\/Andi_2-e1631555469803.jpg","type":"image\/jpeg"}],"twitter_card":"summary_large_image","twitter_misc":{"Est. reading time":"2 minutes"},"schema":{"@context":"https:\/\/schema.org","@graph":[{"@type":"WebPage","@id":"https:\/\/adoszakerto.eu\/en\/services\/","url":"https:\/\/adoszakerto.eu\/en\/services\/","name":"Services - Ad\u00f3szak\u00e9rt\u0151.eu","isPartOf":{"@id":"https:\/\/adoszakerto.eu\/#website"},"datePublished":"2021-12-20T18:06:49+00:00","dateModified":"2022-02-02T16:19:34+00:00","description":"Services","breadcrumb":{"@id":"https:\/\/adoszakerto.eu\/en\/services\/#breadcrumb"},"inLanguage":"en-US","potentialAction":[{"@type":"ReadAction","target":["https:\/\/adoszakerto.eu\/en\/services\/"]}]},{"@type":"BreadcrumbList","@id":"https:\/\/adoszakerto.eu\/en\/services\/#breadcrumb","itemListElement":[{"@type":"ListItem","position":1,"name":"Home","item":"https:\/\/adoszakerto.eu\/en\/"},{"@type":"ListItem","position":2,"name":"Services"}]},{"@type":"WebSite","@id":"https:\/\/adoszakerto.eu\/#website","url":"https:\/\/adoszakerto.eu\/","name":"adoszakerto.eu","description":"B\u00e9kein\u00e9 Kiss Andrea - okleveles ad\u00f3szak\u00e9rt\u0151","publisher":{"@id":"https:\/\/adoszakerto.eu\/#organization"},"potentialAction":[{"@type":"SearchAction","target":{"@type":"EntryPoint","urlTemplate":"https:\/\/adoszakerto.eu\/?s={search_term_string}"},"query-input":{"@type":"PropertyValueSpecification","valueRequired":true,"valueName":"search_term_string"}}],"inLanguage":"en-US"},{"@type":"Organization","@id":"https:\/\/adoszakerto.eu\/#organization","name":"Adoszakerto.eu","url":"https:\/\/adoszakerto.eu\/","logo":{"@type":"ImageObject","inLanguage":"en-US","@id":"https:\/\/adoszakerto.eu\/#\/schema\/logo\/image\/","url":"https:\/\/adoszakerto.eu\/wp-content\/uploads\/2021\/08\/bka_logo_szines_png.png","contentUrl":"https:\/\/adoszakerto.eu\/wp-content\/uploads\/2021\/08\/bka_logo_szines_png.png","width":500,"height":89,"caption":"Adoszakerto.eu"},"image":{"@id":"https:\/\/adoszakerto.eu\/#\/schema\/logo\/image\/"},"sameAs":["https:\/\/www.facebook.com\/EvAdotanacsadoja2016","https:\/\/www.linkedin.com\/in\/adoszakerto\/"]}]}},"_links":{"self":[{"href":"https:\/\/adoszakerto.eu\/en\/wp-json\/wp\/v2\/pages\/3414","targetHints":{"allow":["GET"]}}],"collection":[{"href":"https:\/\/adoszakerto.eu\/en\/wp-json\/wp\/v2\/pages"}],"about":[{"href":"https:\/\/adoszakerto.eu\/en\/wp-json\/wp\/v2\/types\/page"}],"author":[{"embeddable":true,"href":"https:\/\/adoszakerto.eu\/en\/wp-json\/wp\/v2\/users\/1"}],"replies":[{"embeddable":true,"href":"https:\/\/adoszakerto.eu\/en\/wp-json\/wp\/v2\/comments?post=3414"}],"version-history":[{"count":4,"href":"https:\/\/adoszakerto.eu\/en\/wp-json\/wp\/v2\/pages\/3414\/revisions"}],"predecessor-version":[{"id":3460,"href":"https:\/\/adoszakerto.eu\/en\/wp-json\/wp\/v2\/pages\/3414\/revisions\/3460"}],"wp:attachment":[{"href":"https:\/\/adoszakerto.eu\/en\/wp-json\/wp\/v2\/media?parent=3414"}],"curies":[{"name":"wp","href":"https:\/\/api.w.org\/{rel}","templated":true}]}}