{"id":3420,"date":"2021-12-20T18:42:16","date_gmt":"2021-12-20T18:42:16","guid":{"rendered":"https:\/\/adoszakerto.eu\/?page_id=3420"},"modified":"2025-11-15T13:56:10","modified_gmt":"2025-11-15T13:56:10","slug":"contact","status":"publish","type":"page","link":"https:\/\/adoszakerto.eu\/en\/contact\/","title":{"rendered":"Contact"},"content":{"rendered":"<p>[et_pb_section fb_built=&#8221;1&#8243; module_class=&#8221;kapcsolat&#8221; _builder_version=&#8221;4.9.4&#8243; _module_preset=&#8221;default&#8221; global_colors_info=&#8221;{}&#8221;][et_pb_row column_structure=&#8221;1_2,1_2&#8243; module_class=&#8221;elerhetosegek&#8221; _builder_version=&#8221;4.9.4&#8243; _module_preset=&#8221;default&#8221; global_colors_info=&#8221;{}&#8221;][et_pb_column type=&#8221;1_2&#8243; _builder_version=&#8221;4.9.4&#8243; _module_preset=&#8221;default&#8221; global_colors_info=&#8221;{}&#8221;][et_pb_text _builder_version=&#8221;4.9.4&#8243; _module_preset=&#8221;default&#8221; global_colors_info=&#8221;{}&#8221;]<iframe data-src=\"https:\/\/www.google.com\/maps\/embed?pb=!1m18!1m12!1m3!1d2697.780830287042!2d18.93470301562524!3d47.455211579174836!2m3!1f0!2f0!3f0!3m2!1i1024!2i768!4f13.1!3m3!1m2!1s0x0%3A0x77a70fe02d718d48!2zQsOpa2VpbsOpIEtpc3MgQW5kcmVhIG9rbGV2ZWxlcyBhZMOzc3pha8OpcnTFkQ!5e0!3m2!1shu!2shu!4v1630164899397!5m2!1shu!2shu\" width=\"100%\" height=\"450\" style=\"border:0;\" allowfullscreen=\"\" src=\"data:image\/svg+xml;base64,PHN2ZyB3aWR0aD0iMSIgaGVpZ2h0PSIxIiB4bWxucz0iaHR0cDovL3d3dy53My5vcmcvMjAwMC9zdmciPjwvc3ZnPg==\" class=\"lazyload\" data-load-mode=\"1\"><\/iframe>[\/et_pb_text][\/et_pb_column][et_pb_column type=&#8221;1_2&#8243; _builder_version=&#8221;4.9.4&#8243; _module_preset=&#8221;default&#8221; global_colors_info=&#8221;{}&#8221;][et_pb_text _builder_version=&#8221;4.9.4&#8243; _module_preset=&#8221;default&#8221; custom_margin=&#8221;||2px|||&#8221; global_colors_info=&#8221;{}&#8221;]<\/p>\n<ul>\n<li style=\"font-weight: 400;\" aria-level=\"3\"><i class=\"fa fa-envelope\" aria-hidden=\"true\"><\/i><a href=\"mailto:hello@adoszakerto.eu\">hello@adoszakerto.eu<\/a><\/li>\n<li style=\"font-weight: 400;\" aria-level=\"3\"><i class=\"fa fa-phone-square\" aria-hidden=\"true\"><\/i><span style=\"font-weight: 400;\">phone: <a href=\"idopontfoglalas\" style=\"display: inline-block;\">appointment booking<\/a> provides the phone number (in the acknowledgement)<\/span><\/li>\n<li style=\"font-weight: 400;\" aria-level=\"3\"><i class=\"fa fa-user\" aria-hidden=\"true\"><\/i><span>1113 Budapest, Bocskai u. 43-45, 9\/182.<\/span><\/li>\n<\/ul>\n<p>[\/et_pb_text][et_pb_text module_class=&#8221;social-link&#8221; _builder_version=&#8221;4.9.4&#8243; _module_preset=&#8221;default&#8221; global_colors_info=&#8221;{}&#8221;]<a href=\"https:\/\/www.linkedin.com\/in\/adoszakerto\/\" target=\"_blank\" rel=\"noopener\"><i class=\"fa fa-linkedin-square\" aria-hidden=\"true\"><\/i><\/a><a href=\"https:\/\/www.facebook.com\/EvAdotanacsadoja2016\" target=\"_blank\" rel=\"noopener\"><i class=\"fa fa-facebook-square\" aria-hidden=\"true\"><\/i><\/a>[\/et_pb_text][et_pb_button button_url=&#8221;@ET-DC@eyJkeW5hbWljIjp0cnVlLCJjb250ZW50IjoicG9zdF9saW5rX3VybF9wYWdlIiwic2V0dGluZ3MiOnsicG9zdF9pZCI6IjI4MzcifX0=@&#8221; button_text=&#8221;book an appointment&#8221; button_alignment=&#8221;left&#8221; _builder_version=&#8221;4.9.4&#8243; _dynamic_attributes=&#8221;button_url&#8221; _module_preset=&#8221;default&#8221; locked=&#8221;off&#8221; global_colors_info=&#8221;{}&#8221;][\/et_pb_button][\/et_pb_column][\/et_pb_row][\/et_pb_section]<\/p>\n","protected":false},"excerpt":{"rendered":"<p>hello@adoszakerto.eu phone: appointment booking provides the phone number (in the acknowledgement) 1113 Budapest, Bocskai u. 43-45, 9\/182.<\/p>\n","protected":false},"author":1,"featured_media":0,"parent":0,"menu_order":0,"comment_status":"closed","ping_status":"closed","template":"","meta":{"_et_pb_use_builder":"on","_et_pb_old_content":"","_et_gb_content_width":"","inline_featured_image":false,"cybocfi_hide_featured_image":"","footnotes":""},"class_list":["post-3420","page","type-page","status-publish","hentry"],"yoast_head":"<!-- This site is optimized with the Yoast SEO Premium plugin v27.5 (Yoast SEO v27.5) - https:\/\/yoast.com\/product\/yoast-seo-premium-wordpress\/ -->\n<title>Contact - Ad\u00f3szak\u00e9rt\u0151.eu<\/title>\n<meta name=\"description\" content=\"Contact\" \/>\n<meta name=\"robots\" content=\"index, follow, max-snippet:-1, max-image-preview:large, max-video-preview:-1\" \/>\n<link rel=\"canonical\" href=\"https:\/\/adoszakerto.eu\/en\/contact\/\" \/>\n<meta property=\"og:locale\" content=\"en_US\" \/>\n<meta property=\"og:type\" content=\"article\" \/>\n<meta property=\"og:title\" content=\"Contact\" \/>\n<meta property=\"og:description\" content=\"Contact\" \/>\n<meta property=\"og:url\" content=\"https:\/\/adoszakerto.eu\/en\/contact\/\" \/>\n<meta property=\"og:site_name\" content=\"Ad\u00f3szak\u00e9rt\u0151.eu\" \/>\n<meta property=\"article:publisher\" content=\"https:\/\/www.facebook.com\/EvAdotanacsadoja2016\" \/>\n<meta property=\"article:modified_time\" content=\"2025-11-15T13:56:10+00:00\" \/>\n<meta property=\"og:image\" content=\"https:\/\/adoszakerto.eu\/wp-content\/uploads\/2021\/08\/Andi_2-e1631555469803.jpg\" \/>\n\t<meta property=\"og:image:width\" content=\"400\" \/>\n\t<meta property=\"og:image:height\" content=\"400\" \/>\n\t<meta property=\"og:image:type\" content=\"image\/jpeg\" \/>\n<meta name=\"twitter:card\" content=\"summary_large_image\" \/>\n<meta name=\"twitter:label1\" content=\"Est. reading time\" \/>\n\t<meta name=\"twitter:data1\" content=\"1 minute\" \/>\n<script type=\"application\/ld+json\" class=\"yoast-schema-graph\">{\"@context\":\"https:\\\/\\\/schema.org\",\"@graph\":[{\"@type\":\"WebPage\",\"@id\":\"https:\\\/\\\/adoszakerto.eu\\\/en\\\/contact\\\/\",\"url\":\"https:\\\/\\\/adoszakerto.eu\\\/en\\\/contact\\\/\",\"name\":\"Contact - Ad\u00f3szak\u00e9rt\u0151.eu\",\"isPartOf\":{\"@id\":\"https:\\\/\\\/adoszakerto.eu\\\/#website\"},\"datePublished\":\"2021-12-20T18:42:16+00:00\",\"dateModified\":\"2025-11-15T13:56:10+00:00\",\"description\":\"Contact\",\"breadcrumb\":{\"@id\":\"https:\\\/\\\/adoszakerto.eu\\\/en\\\/contact\\\/#breadcrumb\"},\"inLanguage\":\"en-US\",\"potentialAction\":[{\"@type\":\"ReadAction\",\"target\":[\"https:\\\/\\\/adoszakerto.eu\\\/en\\\/contact\\\/\"]}]},{\"@type\":\"BreadcrumbList\",\"@id\":\"https:\\\/\\\/adoszakerto.eu\\\/en\\\/contact\\\/#breadcrumb\",\"itemListElement\":[{\"@type\":\"ListItem\",\"position\":1,\"name\":\"Home\",\"item\":\"https:\\\/\\\/adoszakerto.eu\\\/en\\\/\"},{\"@type\":\"ListItem\",\"position\":2,\"name\":\"Contact\"}]},{\"@type\":\"WebSite\",\"@id\":\"https:\\\/\\\/adoszakerto.eu\\\/#website\",\"url\":\"https:\\\/\\\/adoszakerto.eu\\\/\",\"name\":\"adoszakerto.eu\",\"description\":\"B\u00e9kein\u00e9 Kiss Andrea - okleveles ad\u00f3szak\u00e9rt\u0151\",\"publisher\":{\"@id\":\"https:\\\/\\\/adoszakerto.eu\\\/#organization\"},\"potentialAction\":[{\"@type\":\"SearchAction\",\"target\":{\"@type\":\"EntryPoint\",\"urlTemplate\":\"https:\\\/\\\/adoszakerto.eu\\\/?s={search_term_string}\"},\"query-input\":{\"@type\":\"PropertyValueSpecification\",\"valueRequired\":true,\"valueName\":\"search_term_string\"}}],\"inLanguage\":\"en-US\"},{\"@type\":\"Organization\",\"@id\":\"https:\\\/\\\/adoszakerto.eu\\\/#organization\",\"name\":\"Adoszakerto.eu\",\"url\":\"https:\\\/\\\/adoszakerto.eu\\\/\",\"logo\":{\"@type\":\"ImageObject\",\"inLanguage\":\"en-US\",\"@id\":\"https:\\\/\\\/adoszakerto.eu\\\/#\\\/schema\\\/logo\\\/image\\\/\",\"url\":\"https:\\\/\\\/adoszakerto.eu\\\/wp-content\\\/uploads\\\/2021\\\/08\\\/bka_logo_szines_png.png\",\"contentUrl\":\"https:\\\/\\\/adoszakerto.eu\\\/wp-content\\\/uploads\\\/2021\\\/08\\\/bka_logo_szines_png.png\",\"width\":500,\"height\":89,\"caption\":\"Adoszakerto.eu\"},\"image\":{\"@id\":\"https:\\\/\\\/adoszakerto.eu\\\/#\\\/schema\\\/logo\\\/image\\\/\"},\"sameAs\":[\"https:\\\/\\\/www.facebook.com\\\/EvAdotanacsadoja2016\",\"https:\\\/\\\/www.linkedin.com\\\/in\\\/adoszakerto\\\/\"]}]}<\/script>\n<!-- \/ Yoast SEO Premium plugin. -->","yoast_head_json":{"title":"Contact - Ad\u00f3szak\u00e9rt\u0151.eu","description":"Contact","robots":{"index":"index","follow":"follow","max-snippet":"max-snippet:-1","max-image-preview":"max-image-preview:large","max-video-preview":"max-video-preview:-1"},"canonical":"https:\/\/adoszakerto.eu\/en\/contact\/","og_locale":"en_US","og_type":"article","og_title":"Contact","og_description":"Contact","og_url":"https:\/\/adoszakerto.eu\/en\/contact\/","og_site_name":"Ad\u00f3szak\u00e9rt\u0151.eu","article_publisher":"https:\/\/www.facebook.com\/EvAdotanacsadoja2016","article_modified_time":"2025-11-15T13:56:10+00:00","og_image":[{"width":400,"height":400,"url":"https:\/\/adoszakerto.eu\/wp-content\/uploads\/2021\/08\/Andi_2-e1631555469803.jpg","type":"image\/jpeg"}],"twitter_card":"summary_large_image","twitter_misc":{"Est. reading time":"1 minute"},"schema":{"@context":"https:\/\/schema.org","@graph":[{"@type":"WebPage","@id":"https:\/\/adoszakerto.eu\/en\/contact\/","url":"https:\/\/adoszakerto.eu\/en\/contact\/","name":"Contact - Ad\u00f3szak\u00e9rt\u0151.eu","isPartOf":{"@id":"https:\/\/adoszakerto.eu\/#website"},"datePublished":"2021-12-20T18:42:16+00:00","dateModified":"2025-11-15T13:56:10+00:00","description":"Contact","breadcrumb":{"@id":"https:\/\/adoszakerto.eu\/en\/contact\/#breadcrumb"},"inLanguage":"en-US","potentialAction":[{"@type":"ReadAction","target":["https:\/\/adoszakerto.eu\/en\/contact\/"]}]},{"@type":"BreadcrumbList","@id":"https:\/\/adoszakerto.eu\/en\/contact\/#breadcrumb","itemListElement":[{"@type":"ListItem","position":1,"name":"Home","item":"https:\/\/adoszakerto.eu\/en\/"},{"@type":"ListItem","position":2,"name":"Contact"}]},{"@type":"WebSite","@id":"https:\/\/adoszakerto.eu\/#website","url":"https:\/\/adoszakerto.eu\/","name":"adoszakerto.eu","description":"B\u00e9kein\u00e9 Kiss Andrea - okleveles ad\u00f3szak\u00e9rt\u0151","publisher":{"@id":"https:\/\/adoszakerto.eu\/#organization"},"potentialAction":[{"@type":"SearchAction","target":{"@type":"EntryPoint","urlTemplate":"https:\/\/adoszakerto.eu\/?s={search_term_string}"},"query-input":{"@type":"PropertyValueSpecification","valueRequired":true,"valueName":"search_term_string"}}],"inLanguage":"en-US"},{"@type":"Organization","@id":"https:\/\/adoszakerto.eu\/#organization","name":"Adoszakerto.eu","url":"https:\/\/adoszakerto.eu\/","logo":{"@type":"ImageObject","inLanguage":"en-US","@id":"https:\/\/adoszakerto.eu\/#\/schema\/logo\/image\/","url":"https:\/\/adoszakerto.eu\/wp-content\/uploads\/2021\/08\/bka_logo_szines_png.png","contentUrl":"https:\/\/adoszakerto.eu\/wp-content\/uploads\/2021\/08\/bka_logo_szines_png.png","width":500,"height":89,"caption":"Adoszakerto.eu"},"image":{"@id":"https:\/\/adoszakerto.eu\/#\/schema\/logo\/image\/"},"sameAs":["https:\/\/www.facebook.com\/EvAdotanacsadoja2016","https:\/\/www.linkedin.com\/in\/adoszakerto\/"]}]}},"_links":{"self":[{"href":"https:\/\/adoszakerto.eu\/en\/wp-json\/wp\/v2\/pages\/3420","targetHints":{"allow":["GET"]}}],"collection":[{"href":"https:\/\/adoszakerto.eu\/en\/wp-json\/wp\/v2\/pages"}],"about":[{"href":"https:\/\/adoszakerto.eu\/en\/wp-json\/wp\/v2\/types\/page"}],"author":[{"embeddable":true,"href":"https:\/\/adoszakerto.eu\/en\/wp-json\/wp\/v2\/users\/1"}],"replies":[{"embeddable":true,"href":"https:\/\/adoszakerto.eu\/en\/wp-json\/wp\/v2\/comments?post=3420"}],"version-history":[{"count":5,"href":"https:\/\/adoszakerto.eu\/en\/wp-json\/wp\/v2\/pages\/3420\/revisions"}],"predecessor-version":[{"id":3738,"href":"https:\/\/adoszakerto.eu\/en\/wp-json\/wp\/v2\/pages\/3420\/revisions\/3738"}],"wp:attachment":[{"href":"https:\/\/adoszakerto.eu\/en\/wp-json\/wp\/v2\/media?parent=3420"}],"curies":[{"name":"wp","href":"https:\/\/api.w.org\/{rel}","templated":true}]}}